{"id":597,"date":"2014-11-11T11:09:47","date_gmt":"2014-11-11T11:09:47","guid":{"rendered":"http:\/\/anpsthemes.com\/constructo\/?page_id=5"},"modified":"2026-02-27T11:09:54","modified_gmt":"2026-02-27T08:09:54","slug":"home","status":"publish","type":"page","link":"https:\/\/cargoart.ee\/","title":{"rendered":"Home"},"content":{"rendered":"<section class=\"wpb-content-wrapper\"><p>[vc_row has_content=&#8221;true&#8221;][vc_column][rev_slider_vc alias=&#8221;main-slider&#8221;][\/vc_column][\/vc_row][vc_row css=&#8221;.vc_custom_1461229455994{margin-top: -150px !important;margin-bottom: 60px !important;}&#8221; has_content=&#8221;true&#8221; el_class=&#8221;on-top&#8221;][vc_column width=&#8221;1\/3&#8243;][vc_single_image image=&#8221;1145&#8243; img_size=&#8221;medium&#8221; onclick=&#8221;custom_link&#8221; link=&#8221;#&#8221;]<h5 class='heading-left  style-1' ><span>FREIGHT FORWARDING SERVICES<\/span><\/h5>[vc_empty_space height=&#8221;10px&#8221;][vc_column_text]Whether your cargo requires land-based transport, sea freight, or air cargo, we have the expertise to coordinate and execute the entire process. This integrated approach allows us to offer a one-stop solution for all your transportation requirements, ensuring that your cargo is handled with precision and care throughout its journey.[\/vc_column_text][\/vc_column][vc_column width=&#8221;1\/3&#8243;][vc_single_image image=&#8221;1146&#8243; img_size=&#8221;medium&#8221; onclick=&#8221;custom_link&#8221; link=&#8221;#&#8221;]<h5 class='heading-left  style-1' ><span>SHIPPER  CARGO TRANSPORTATION<\/span><\/h5>[vc_empty_space height=&#8221;10px&#8221;][vc_column_text]With our superior in-house fleet of vehicles, we are dedicated to providing cargo owners with the highest quality transportation service available. Our commitment to excellence means that we offer a comprehensive solution for all your transportation needs, ensuring that your goods are delivered safely, efficiently, and on time.[\/vc_column_text][\/vc_column][vc_column width=&#8221;1\/3&#8243;][vc_single_image image=&#8221;1147&#8243; img_size=&#8221;medium&#8221; onclick=&#8221;custom_link&#8221; link=&#8221;#&#8221;]<h5 class='heading-left  style-1' ><span>HAULAGE SERVICES<\/span><\/h5>[vc_empty_space height=&#8221;10px&#8221;][vc_column_text]We have extensive experience in collaborating with major freight forwarding companies. We have partnered with most of the largest and most renowned logistics firms, providing them with first-class service that has consistently earned us praise and commendation from our partners.[\/vc_column_text][\/vc_column][\/vc_row][vc_row][vc_column][vc_separator][\/vc_column][\/vc_row][vc_row][vc_column][vc_single_image image=&#8221;1236&#8243; img_size=&#8221;medium&#8221; alignment=&#8221;center&#8221; css=&#8221;.vc_custom_1771781656744{padding-top: 10px !important;}&#8221;][vc_column_text css=&#8221;.vc_custom_1772179647036{padding-bottom: 20px !important;}&#8221;]<\/p>\n<p style=\"text-align: center;\"><strong>eCMR project has been funded by the European Union through the Recovery and Resilience Facility \u2013 NextGenerationEU.<\/strong><\/p>\n<p>[\/vc_column_text][\/vc_column][\/vc_row][vc_row][vc_column width=&#8221;1\/2&#8243;][vc_column_text css=&#8221;.vc_custom_1772179478359{padding-bottom: 10px !important;}&#8221;]<\/p>\n<h5>The goal of the project is to interface the logistics system of CargoART Logistics O\u00dc with the eCMR system.<\/h5>\n<p>[\/vc_column_text][vc_column_text]The project enables the interface of the CargoART Logistics O\u00dc logistics system with the eCMR system to ensure real-time data exchange, increase the efficiency of work processes and reduce manual data entry. The interface enables automated data transfer to the eCMR, thereby improving the transparency of the logistics chain and compliance with regulatory requirements.<\/p>\n<p>Grant amount 15,000 EUR.[\/vc_column_text][\/vc_column][vc_column width=&#8221;1\/2&#8243;][vc_column_text css=&#8221;.vc_custom_1772179457286{padding-bottom: 10px !important;}&#8221;]<\/p>\n<h5>Projekti eesm\u00e4rk on liidestada ettev\u00f5tte CargoART Logistics O\u00dc logistikas\u00fcsteem e-veoselehe s\u00fcsteemiga.<\/h5>\n<p>[\/vc_column_text][vc_column_text]Projekt v\u00f5imaldab liidestada ettev\u00f5tte CargoART Logistics O\u00dc logistikas\u00fcsteemi e-veoselehe s\u00fcsteemiga, et tagada reaalajas andmevahetus, suurendada t\u00f6\u00f6protsesside efektiivsust ning v\u00e4hendada manuaalset andmesisestust. Liidestus v\u00f5imaldab automatiseeritud andmeedastust e-veoselehele, parandades seel\u00e4bi logistikaahela l\u00e4bipaistvust ja vastavust regulatiivsetele n\u00f5uetele.<\/p>\n<p>Toetuse summa 15 000 EUR.[\/vc_column_text][\/vc_column][\/vc_row]<\/p>\n<\/section>","protected":false},"excerpt":{"rendered":"<p>[vc_row has_content=&#8221;true&#8221;][vc_column][rev_slider_vc alias=&#8221;main-slider&#8221;][\/vc_column][\/vc_row][vc_row css=&#8221;.vc_custom_1461229455994{margin-top: -150px !important;margin-bottom: 60px !important;}&#8221; has_content=&#8221;true&#8221; el_class=&#8221;on-top&#8221;][vc_column width=&#8221;1\/3&#8243;][vc_single_image image=&#8221;1145&#8243; img_size=&#8221;medium&#8221; onclick=&#8221;custom_link&#8221; link=&#8221;#&#8221;][vc_empty_space height=&#8221;10px&#8221;][vc_column_text]Whether your cargo requires land-based transport, sea freight, or air cargo, we have the expertise to coordinate and execute the entire process. This integrated approach&#8230;<\/p>\n","protected":false},"author":1,"featured_media":0,"parent":0,"menu_order":0,"comment_status":"closed","ping_status":"open","template":"","meta":{"footnotes":""},"class_list":["post-597","page","type-page","status-publish","hentry"],"_links":{"self":[{"href":"https:\/\/cargoart.ee\/index.php?rest_route=\/wp\/v2\/pages\/597","targetHints":{"allow":["GET"]}}],"collection":[{"href":"https:\/\/cargoart.ee\/index.php?rest_route=\/wp\/v2\/pages"}],"about":[{"href":"https:\/\/cargoart.ee\/index.php?rest_route=\/wp\/v2\/types\/page"}],"author":[{"embeddable":true,"href":"https:\/\/cargoart.ee\/index.php?rest_route=\/wp\/v2\/users\/1"}],"replies":[{"embeddable":true,"href":"https:\/\/cargoart.ee\/index.php?rest_route=%2Fwp%2Fv2%2Fcomments&post=597"}],"version-history":[{"count":12,"href":"https:\/\/cargoart.ee\/index.php?rest_route=\/wp\/v2\/pages\/597\/revisions"}],"predecessor-version":[{"id":1241,"href":"https:\/\/cargoart.ee\/index.php?rest_route=\/wp\/v2\/pages\/597\/revisions\/1241"}],"wp:attachment":[{"href":"https:\/\/cargoart.ee\/index.php?rest_route=%2Fwp%2Fv2%2Fmedia&parent=597"}],"curies":[{"name":"wp","href":"https:\/\/api.w.org\/{rel}","templated":true}]}}